{"id":1711,"date":"2021-11-21T15:14:41","date_gmt":"2021-11-21T14:14:41","guid":{"rendered":"https:\/\/adria-star.hr\/services\/"},"modified":"2024-07-22T22:48:09","modified_gmt":"2024-07-22T20:48:09","slug":"usluge","status":"publish","type":"page","link":"https:\/\/adria-star.hr\/en\/usluge\/","title":{"rendered":"Cleaning services"},"content":{"rendered":"<div data-elementor-type=\"wp-page\" data-elementor-id=\"1711\" class=\"elementor elementor-1711\">\n\t\t\t\t<div class=\"elementor-element elementor-element-36f7674 e-flex e-con-boxed e-con e-parent\" data-id=\"36f7674\" data-element_type=\"container\" data-e-type=\"container\" data-settings=\"{&quot;background_background&quot;:&quot;classic&quot;}\">\n\t\t\t\t\t<div class=\"e-con-inner\">\n\t\t\t\t\t<\/div>\n\t\t\t\t<\/div>\n\t\t<div class=\"elementor-element elementor-element-50b780a e-flex e-con-boxed e-con e-parent\" data-id=\"50b780a\" data-element_type=\"container\" data-e-type=\"container\" data-settings=\"{&quot;background_background&quot;:&quot;classic&quot;}\">\n\t\t\t\t\t<div class=\"e-con-inner\">\n\t\t<div class=\"elementor-element elementor-element-40763fa e-con-full e-flex e-con e-child\" data-id=\"40763fa\" data-element_type=\"container\" data-e-type=\"container\">\n\t\t\t\t<div class=\"elementor-element elementor-element-173af20 elementor-widget elementor-widget-heading\" data-id=\"173af20\" data-element_type=\"widget\" data-e-type=\"widget\" data-widget_type=\"heading.default\">\n\t\t\t\t<div class=\"elementor-widget-container\">\n\t\t\t\t\t<h2 class=\"elementor-heading-title elementor-size-default\">A short description of Adria star services<\/h2>\t\t\t\t<\/div>\n\t\t\t\t<\/div>\n\t\t\t\t<div class=\"elementor-element elementor-element-4417359 elementor-widget elementor-widget-text-editor\" data-id=\"4417359\" data-element_type=\"widget\" data-e-type=\"widget\" data-widget_type=\"text-editor.default\">\n\t\t\t\t<div class=\"elementor-widget-container\">\n\t\t\t\t\t\t\t\t\t<p><strong>1. Intervening cleanings:<\/strong> These are emergency cleanings that are carried out after sudden disasters or accidents, such as floods, fires or breakdowns. Jobs include removing waste, cleaning water and mud, and renovating the space as soon as possible.<\/p>\t\t\t\t\t\t\t\t<\/div>\n\t\t\t\t<\/div>\n\t\t\t\t<\/div>\n\t\t<div class=\"elementor-element elementor-element-0c97923 e-con-full e-flex e-con e-child\" data-id=\"0c97923\" data-element_type=\"container\" data-e-type=\"container\" data-settings=\"{&quot;background_background&quot;:&quot;classic&quot;}\">\n\t\t\t\t<div class=\"elementor-element elementor-element-721b6cb elementor-widget elementor-widget-image\" data-id=\"721b6cb\" data-element_type=\"widget\" data-e-type=\"widget\" data-widget_type=\"image.default\">\n\t\t\t\t<div class=\"elementor-widget-container\">\n\t\t\t\t\t\t\t\t\t\t\t\t\t\t\t<img fetchpriority=\"high\" decoding=\"async\" width=\"300\" height=\"200\" src=\"https:\/\/adria-star.hr\/wp-content\/uploads\/2023\/11\/Snimka-zaslona-2023-11-01-200923-300x200.png\" class=\"attachment-medium size-medium wp-image-2012\" alt=\"Interventno \u010di\u0161\u0107enje\" srcset=\"https:\/\/adria-star.hr\/wp-content\/uploads\/2023\/11\/Snimka-zaslona-2023-11-01-200923-300x200.png 300w, https:\/\/adria-star.hr\/wp-content\/uploads\/2023\/11\/Snimka-zaslona-2023-11-01-200923-18x12.png 18w, https:\/\/adria-star.hr\/wp-content\/uploads\/2023\/11\/Snimka-zaslona-2023-11-01-200923.png 523w\" sizes=\"(max-width: 300px) 100vw, 300px\" title=\"\">\t\t\t\t\t\t\t\t\t\t\t\t\t\t\t<\/div>\n\t\t\t\t<\/div>\n\t\t\t\t<\/div>\n\t\t\t\t\t<\/div>\n\t\t\t\t<\/div>\n\t\t<div class=\"elementor-element elementor-element-53cd25a e-flex e-con-boxed e-con e-parent\" data-id=\"53cd25a\" data-element_type=\"container\" data-e-type=\"container\" data-settings=\"{&quot;background_background&quot;:&quot;classic&quot;}\">\n\t\t\t\t\t<div class=\"e-con-inner\">\n\t\t\t\t<div class=\"elementor-element elementor-element-550c359 elementor-widget elementor-widget-text-editor\" data-id=\"550c359\" data-element_type=\"widget\" data-e-type=\"widget\" data-widget_type=\"text-editor.default\">\n\t\t\t\t<div class=\"elementor-widget-container\">\n\t\t\t\t\t\t\t\t\t<p><strong>2. Cleaning of glass and windows:<\/strong> We use special equipment and detergents for cleaning glass surfaces, including windows and shop windows. This type of cleaning aims to preserve the transparency and attractiveness of glass surfaces. We also work at heights using scaffolding and platforms.<\/p>\t\t\t\t\t\t\t\t<\/div>\n\t\t\t\t<\/div>\n\t\t\t\t\t<\/div>\n\t\t\t\t<\/div>\n\t\t<div class=\"elementor-element elementor-element-05f151b e-flex e-con-boxed e-con e-parent\" data-id=\"05f151b\" data-element_type=\"container\" data-e-type=\"container\" data-settings=\"{&quot;background_background&quot;:&quot;classic&quot;}\">\n\t\t\t\t\t<div class=\"e-con-inner\">\n\t\t<div class=\"elementor-element elementor-element-711aeb3 e-con-full e-flex e-con e-child\" data-id=\"711aeb3\" data-element_type=\"container\" data-e-type=\"container\">\n\t\t\t\t<div class=\"elementor-element elementor-element-31da423 elementor-widget elementor-widget-image\" data-id=\"31da423\" data-element_type=\"widget\" data-e-type=\"widget\" data-widget_type=\"image.default\">\n\t\t\t\t<div class=\"elementor-widget-container\">\n\t\t\t\t\t\t\t\t\t\t\t\t\t\t\t<img decoding=\"async\" width=\"300\" height=\"203\" src=\"https:\/\/adria-star.hr\/wp-content\/uploads\/2023\/11\/Snimka-zaslona-2023-11-03-16422511-300x203.png\" class=\"attachment-medium size-medium wp-image-2033\" alt=\"\u010ci\u0161\u0107enje stubi\u0161ta\" srcset=\"https:\/\/adria-star.hr\/wp-content\/uploads\/2023\/11\/Snimka-zaslona-2023-11-03-16422511-300x203.png 300w, https:\/\/adria-star.hr\/wp-content\/uploads\/2023\/11\/Snimka-zaslona-2023-11-03-16422511-18x12.png 18w, https:\/\/adria-star.hr\/wp-content\/uploads\/2023\/11\/Snimka-zaslona-2023-11-03-16422511.png 687w\" sizes=\"(max-width: 300px) 100vw, 300px\" title=\"\">\t\t\t\t\t\t\t\t\t\t\t\t\t\t\t<\/div>\n\t\t\t\t<\/div>\n\t\t\t\t<\/div>\n\t\t<div class=\"elementor-element elementor-element-61505e2 e-con-full e-flex e-con e-child\" data-id=\"61505e2\" data-element_type=\"container\" data-e-type=\"container\">\n\t\t\t\t<div class=\"elementor-element elementor-element-902fa15 elementor-widget elementor-widget-text-editor\" data-id=\"902fa15\" data-element_type=\"widget\" data-e-type=\"widget\" data-widget_type=\"text-editor.default\">\n\t\t\t\t<div class=\"elementor-widget-container\">\n\t\t\t\t\t\t\t\t\t<p><strong>3. Cleaning of residential buildings and staircases:<\/strong> Jobs include regular cleaning of common areas in residential buildings, such as stairwells, hallways, yards and garages. This includes vacuuming, dusting, washing floors and maintaining hygiene.<\/p>\t\t\t\t\t\t\t\t<\/div>\n\t\t\t\t<\/div>\n\t\t\t\t<\/div>\n\t\t\t\t\t<\/div>\n\t\t\t\t<\/div>\n\t\t<div class=\"elementor-element elementor-element-adf5b3e e-flex e-con-boxed e-con e-parent\" data-id=\"adf5b3e\" data-element_type=\"container\" data-e-type=\"container\" data-settings=\"{&quot;background_background&quot;:&quot;classic&quot;}\">\n\t\t\t\t\t<div class=\"e-con-inner\">\n\t\t\t\t<div class=\"elementor-element elementor-element-0a788c4 elementor-widget elementor-widget-text-editor\" data-id=\"0a788c4\" data-element_type=\"widget\" data-e-type=\"widget\" data-widget_type=\"text-editor.default\">\n\t\t\t\t<div class=\"elementor-widget-container\">\n\t\t\t\t\t\t\t\t\t<p><strong>4. Machine washing the floor:<\/strong> Using special floor washing machines, our staff will deep clean the surfaces to remove stubborn stains, oils or residues. This process makes the floors safer and more aesthetically appealing.<\/p>\t\t\t\t\t\t\t\t<\/div>\n\t\t\t\t<\/div>\n\t\t\t\t\t<\/div>\n\t\t\t\t<\/div>\n\t\t<div class=\"elementor-element elementor-element-fa77d37 e-flex e-con-boxed e-con e-parent\" data-id=\"fa77d37\" data-element_type=\"container\" data-e-type=\"container\" data-settings=\"{&quot;background_background&quot;:&quot;classic&quot;}\">\n\t\t\t\t\t<div class=\"e-con-inner\">\n\t\t<div class=\"elementor-element elementor-element-58397ab e-con-full e-flex e-con e-child\" data-id=\"58397ab\" data-element_type=\"container\" data-e-type=\"container\">\n\t\t\t\t<div class=\"elementor-element elementor-element-a78a3bc elementor-widget elementor-widget-text-editor\" data-id=\"a78a3bc\" data-element_type=\"widget\" data-e-type=\"widget\" data-widget_type=\"text-editor.default\">\n\t\t\t\t<div class=\"elementor-widget-container\">\n\t\t\t\t\t\t\t\t\t<p><strong>5. Office cleaning:<\/strong> Keeping the office clean includes vacuuming carpets, dusting tables, emptying trash cans, disinfecting surfaces, and maintaining general office hygiene.<\/p>\t\t\t\t\t\t\t\t<\/div>\n\t\t\t\t<\/div>\n\t\t\t\t<\/div>\n\t\t<div class=\"elementor-element elementor-element-d613a0e e-con-full e-flex e-con e-child\" data-id=\"d613a0e\" data-element_type=\"container\" data-e-type=\"container\">\n\t\t\t\t<div class=\"elementor-element elementor-element-f4fb1d0 elementor-widget elementor-widget-image\" data-id=\"f4fb1d0\" data-element_type=\"widget\" data-e-type=\"widget\" data-widget_type=\"image.default\">\n\t\t\t\t<div class=\"elementor-widget-container\">\n\t\t\t\t\t\t\t\t\t\t\t\t\t\t\t<img decoding=\"async\" width=\"300\" height=\"201\" src=\"https:\/\/adria-star.hr\/wp-content\/uploads\/2023\/11\/Snimka-zaslona-2023-11-03-133550-300x201.png\" class=\"attachment-medium size-medium wp-image-2014\" alt=\"\u010ci\u0161\u0107enje ureda\" srcset=\"https:\/\/adria-star.hr\/wp-content\/uploads\/2023\/11\/elementor\/thumbs\/Snimka-zaslona-2023-11-03-133550-qetgbapf47cr10qti1lcd0c5g5cxx01ljrmendhe4w.png 300w, https:\/\/adria-star.hr\/wp-content\/uploads\/2023\/11\/Snimka-zaslona-2023-11-03-133550-18x12.png 18w, https:\/\/adria-star.hr\/wp-content\/uploads\/2023\/11\/Snimka-zaslona-2023-11-03-133550.png 670w\" sizes=\"(max-width: 300px) 100vw, 300px\" title=\"\">\t\t\t\t\t\t\t\t\t\t\t\t\t\t\t<\/div>\n\t\t\t\t<\/div>\n\t\t\t\t<\/div>\n\t\t\t\t\t<\/div>\n\t\t\t\t<\/div>\n\t\t<div class=\"elementor-element elementor-element-802e981 e-flex e-con-boxed e-con e-parent\" data-id=\"802e981\" data-element_type=\"container\" data-e-type=\"container\" data-settings=\"{&quot;background_background&quot;:&quot;classic&quot;}\">\n\t\t\t\t\t<div class=\"e-con-inner\">\n\t\t\t\t<div class=\"elementor-element elementor-element-27d0c23 elementor-widget elementor-widget-text-editor\" data-id=\"27d0c23\" data-element_type=\"widget\" data-e-type=\"widget\" data-widget_type=\"text-editor.default\">\n\t\t\t\t<div class=\"elementor-widget-container\">\n\t\t\t\t\t\t\t\t\t<p><strong>6. Cleaning after construction work:<\/strong> After construction or renovation work, the job involves thorough cleaning to remove construction debris, dust and debris. This may include cleaning windows, dusting surfaces, and disposing of construction debris.<\/p>\t\t\t\t\t\t\t\t<\/div>\n\t\t\t\t<\/div>\n\t\t\t\t\t<\/div>\n\t\t\t\t<\/div>\n\t\t<div class=\"elementor-element elementor-element-62d101a e-flex e-con-boxed e-con e-parent\" data-id=\"62d101a\" data-element_type=\"container\" data-e-type=\"container\" data-settings=\"{&quot;background_background&quot;:&quot;classic&quot;}\">\n\t\t\t\t\t<div class=\"e-con-inner\">\n\t\t<div class=\"elementor-element elementor-element-4134cd0 e-con-full e-flex e-con e-child\" data-id=\"4134cd0\" data-element_type=\"container\" data-e-type=\"container\">\n\t\t\t\t<div class=\"elementor-element elementor-element-90ecb78 elementor-widget elementor-widget-image\" data-id=\"90ecb78\" data-element_type=\"widget\" data-e-type=\"widget\" data-widget_type=\"image.default\">\n\t\t\t\t<div class=\"elementor-widget-container\">\n\t\t\t\t\t\t\t\t\t\t\t\t\t\t\t<img loading=\"lazy\" decoding=\"async\" width=\"300\" height=\"200\" src=\"https:\/\/adria-star.hr\/wp-content\/uploads\/2023\/11\/pexels-pascal-kuffer-11364122-300x200.jpg\" class=\"attachment-medium size-medium wp-image-2022\" alt=\"Ko\u0161nja trave\" srcset=\"https:\/\/adria-star.hr\/wp-content\/uploads\/2023\/11\/pexels-pascal-kuffer-11364122-300x200.jpg 300w, https:\/\/adria-star.hr\/wp-content\/uploads\/2023\/11\/pexels-pascal-kuffer-11364122-1024x683.jpg 1024w, https:\/\/adria-star.hr\/wp-content\/uploads\/2023\/11\/pexels-pascal-kuffer-11364122-768x512.jpg 768w, https:\/\/adria-star.hr\/wp-content\/uploads\/2023\/11\/pexels-pascal-kuffer-11364122-1536x1024.jpg 1536w, https:\/\/adria-star.hr\/wp-content\/uploads\/2023\/11\/pexels-pascal-kuffer-11364122-18x12.jpg 18w, https:\/\/adria-star.hr\/wp-content\/uploads\/2023\/11\/pexels-pascal-kuffer-11364122.jpg 1600w\" sizes=\"(max-width: 300px) 100vw, 300px\" title=\"\">\t\t\t\t\t\t\t\t\t\t\t\t\t\t\t<\/div>\n\t\t\t\t<\/div>\n\t\t\t\t<\/div>\n\t\t<div class=\"elementor-element elementor-element-0eb1f45 e-con-full e-flex e-con e-child\" data-id=\"0eb1f45\" data-element_type=\"container\" data-e-type=\"container\">\n\t\t\t\t<div class=\"elementor-element elementor-element-e51b5cf elementor-widget elementor-widget-text-editor\" data-id=\"e51b5cf\" data-element_type=\"widget\" data-e-type=\"widget\" data-widget_type=\"text-editor.default\">\n\t\t\t\t<div class=\"elementor-widget-container\">\n\t\t\t\t\t\t\t\t\t<p><strong>7. Grass cutting and maintenance:<\/strong> Ova usluga podrazumijeva odr\u017eavanje vanjske povr\u0161ine, uklju\u010duju\u0107i travnjake i vrtne povr\u0161ine. Ovo uklju\u010duje ko\u0161nju trave, obrezivanje grmlja, \u010di\u0161\u0107enje li\u0161\u0107a te odr\u017eavanje okoli\u0161a ure\u0111enim.<\/p>\t\t\t\t\t\t\t\t<\/div>\n\t\t\t\t<\/div>\n\t\t\t\t<\/div>\n\t\t\t\t\t<\/div>\n\t\t\t\t<\/div>\n\t\t<div class=\"elementor-element elementor-element-4330179 e-flex e-con-boxed e-con e-parent\" data-id=\"4330179\" data-element_type=\"container\" data-e-type=\"container\" data-settings=\"{&quot;background_background&quot;:&quot;classic&quot;}\">\n\t\t\t\t\t<div class=\"e-con-inner\">\n\t\t\t\t<div class=\"elementor-element elementor-element-c7ca22d elementor-widget elementor-widget-text-editor\" data-id=\"c7ca22d\" data-element_type=\"widget\" data-e-type=\"widget\" data-widget_type=\"text-editor.default\">\n\t\t\t\t<div class=\"elementor-widget-container\">\n\t\t\t\t\t\t\t\t\t<p><strong>8. Cleaning of the catering department and kitchen:<\/strong> In restaurants and kitchens, work is being done on the sterilization of dishes, kitchen utensils, floors and work surfaces. This job has a key role in maintaining hygiene and safety in food preparation.<\/p>\t\t\t\t\t\t\t\t<\/div>\n\t\t\t\t<\/div>\n\t\t\t\t\t<\/div>\n\t\t\t\t<\/div>\n\t\t<div class=\"elementor-element elementor-element-7b0b97c e-flex e-con-boxed e-con e-parent\" data-id=\"7b0b97c\" data-element_type=\"container\" data-e-type=\"container\" data-settings=\"{&quot;background_background&quot;:&quot;classic&quot;}\">\n\t\t\t\t\t<div class=\"e-con-inner\">\n\t\t<div class=\"elementor-element elementor-element-d8b1c51 e-con-full e-flex e-con e-child\" data-id=\"d8b1c51\" data-element_type=\"container\" data-e-type=\"container\">\n\t\t\t\t<div class=\"elementor-element elementor-element-ba9c64b elementor-widget elementor-widget-text-editor\" data-id=\"ba9c64b\" data-element_type=\"widget\" data-e-type=\"widget\" data-widget_type=\"text-editor.default\">\n\t\t\t\t<div class=\"elementor-widget-container\">\n\t\t\t\t\t\t\t\t\t<p><strong>9. Washing terraces and awnings:<\/strong> This includes cleaning exterior surfaces, including patios and awnings. We use the appropriate cleaning agent to remove dirt, moss and other impurities from these surfaces, making them more attractive and safer to use.<\/p>\t\t\t\t\t\t\t\t<\/div>\n\t\t\t\t<\/div>\n\t\t\t\t<\/div>\n\t\t<div class=\"elementor-element elementor-element-ad375c1 e-con-full e-flex e-con e-child\" data-id=\"ad375c1\" data-element_type=\"container\" data-e-type=\"container\">\n\t\t\t\t<div class=\"elementor-element elementor-element-5dd9e90 elementor-widget elementor-widget-image\" data-id=\"5dd9e90\" data-element_type=\"widget\" data-e-type=\"widget\" data-widget_type=\"image.default\">\n\t\t\t\t<div class=\"elementor-widget-container\">\n\t\t\t\t\t\t\t\t\t\t\t\t\t\t\t<img loading=\"lazy\" decoding=\"async\" width=\"300\" height=\"200\" src=\"https:\/\/adria-star.hr\/wp-content\/uploads\/2023\/11\/Snimka-zaslona-2023-11-02-181834-300x200.png\" class=\"attachment-medium size-medium wp-image-2024\" alt=\"Pranje terasa\" srcset=\"https:\/\/adria-star.hr\/wp-content\/uploads\/2023\/11\/Snimka-zaslona-2023-11-02-181834-300x200.png 300w, https:\/\/adria-star.hr\/wp-content\/uploads\/2023\/11\/Snimka-zaslona-2023-11-02-181834-1024x682.png 1024w, https:\/\/adria-star.hr\/wp-content\/uploads\/2023\/11\/Snimka-zaslona-2023-11-02-181834-768x512.png 768w, https:\/\/adria-star.hr\/wp-content\/uploads\/2023\/11\/Snimka-zaslona-2023-11-02-181834-18x12.png 18w, https:\/\/adria-star.hr\/wp-content\/uploads\/2023\/11\/Snimka-zaslona-2023-11-02-181834.png 1186w\" sizes=\"(max-width: 300px) 100vw, 300px\" title=\"\">\t\t\t\t\t\t\t\t\t\t\t\t\t\t\t<\/div>\n\t\t\t\t<\/div>\n\t\t\t\t<\/div>\n\t\t\t\t\t<\/div>\n\t\t\t\t<\/div>\n\t\t<div class=\"elementor-element elementor-element-3189dc0 e-flex e-con-boxed e-con e-parent\" data-id=\"3189dc0\" data-element_type=\"container\" data-e-type=\"container\">\n\t\t\t\t\t<div class=\"e-con-inner\">\n\t\t\t\t<div class=\"elementor-element elementor-element-87e5207 elementor-widget elementor-widget-text-editor\" data-id=\"87e5207\" data-element_type=\"widget\" data-e-type=\"widget\" data-widget_type=\"text-editor.default\">\n\t\t\t\t<div class=\"elementor-widget-container\">\n\t\t\t\t\t\t\t\t\t<p><strong>10. General cleaning:\u00a0<\/strong>The job of general cleaning includes a wide range of responsibilities aimed at maintaining cleanliness and orderliness within various spaces. General cleaning includes washing floors, cleaning glass surfaces, dusting, vacuuming and sanitary maintenance of the premises. The employees of Adria stara take care of the detailed cleaning of all surfaces, removal of stains and residues, and disinfection of the premises.<\/p>\t\t\t\t\t\t\t\t<\/div>\n\t\t\t\t<\/div>\n\t\t\t\t\t<\/div>\n\t\t\t\t<\/div>\n\t\t<div class=\"elementor-element elementor-element-058d990 e-flex e-con-boxed e-con e-parent\" data-id=\"058d990\" data-element_type=\"container\" data-e-type=\"container\">\n\t\t\t\t\t<div class=\"e-con-inner\">\n\t\t\t\t<div class=\"elementor-element elementor-element-d2fa908 elementor-widget elementor-widget-spacer\" data-id=\"d2fa908\" data-element_type=\"widget\" data-e-type=\"widget\" data-widget_type=\"spacer.default\">\n\t\t\t\t<div class=\"elementor-widget-container\">\n\t\t\t\t\t\t\t<div class=\"elementor-spacer\">\n\t\t\t<div class=\"elementor-spacer-inner\"><\/div>\n\t\t<\/div>\n\t\t\t\t\t\t<\/div>\n\t\t\t\t<\/div>\n\t\t\t\t\t<\/div>\n\t\t\t\t<\/div>\n\t\t\t\t<\/div>","protected":false},"excerpt":{"rendered":"<p>Kratki opis usluga tvrtke Adria star 1. Interventna \u010di\u0161\u0107enja: Ovo su hitna \u010di\u0161\u0107enja koja se obavljaju nakon iznenadnih nepogoda ili nesre\u0107a, kao \u0161to su poplave, po\u017eari ili havarije. Poslovi uklju\u010duju uklanjanje otpada, \u010di\u0161\u0107enje vode i blata te obnovu prostora u \u0161to kra\u0107em roku. 2. Pranje stakla i izloga: Koristimo posebnu opremu i deterd\u017eente za pranje [&hellip;]<\/p>\n","protected":false},"author":1,"featured_media":0,"parent":0,"menu_order":0,"comment_status":"closed","ping_status":"closed","template":"","meta":{"site-sidebar-layout":"no-sidebar","site-content-layout":"page-builder","ast-site-content-layout":"full-width-container","site-content-style":"unboxed","site-sidebar-style":"unboxed","ast-global-header-display":"","ast-banner-title-visibility":"","ast-main-header-display":"","ast-hfb-above-header-display":"","ast-hfb-below-header-display":"","ast-hfb-mobile-header-display":"","site-post-title":"disabled","ast-breadcrumbs-content":"","ast-featured-img":"disabled","footer-sml-layout":"","ast-disable-related-posts":"","theme-transparent-header-meta":"enabled","adv-header-id-meta":"","stick-header-meta":"","header-above-stick-meta":"","header-main-stick-meta":"","header-below-stick-meta":"","astra-migrate-meta-layouts":"set","ast-page-background-enabled":"default","ast-page-background-meta":{"desktop":{"background-color":"var(--ast-global-color-4)","background-image":"","background-repeat":"repeat","background-position":"center center","background-size":"auto","background-attachment":"scroll","background-type":"","background-media":"","overlay-type":"","overlay-color":"","overlay-opacity":"","overlay-gradient":""},"tablet":{"background-color":"","background-image":"","background-repeat":"repeat","background-position":"center center","background-size":"auto","background-attachment":"scroll","background-type":"","background-media":"","overlay-type":"","overlay-color":"","overlay-opacity":"","overlay-gradient":""},"mobile":{"background-color":"","background-image":"","background-repeat":"repeat","background-position":"center center","background-size":"auto","background-attachment":"scroll","background-type":"","background-media":"","overlay-type":"","overlay-color":"","overlay-opacity":"","overlay-gradient":""}},"ast-content-background-meta":{"desktop":{"background-color":"var(--ast-global-color-5)","background-image":"","background-repeat":"repeat","background-position":"center center","background-size":"auto","background-attachment":"scroll","background-type":"","background-media":"","overlay-type":"","overlay-color":"","overlay-opacity":"","overlay-gradient":""},"tablet":{"background-color":"var(--ast-global-color-5)","background-image":"","background-repeat":"repeat","background-position":"center center","background-size":"auto","background-attachment":"scroll","background-type":"","background-media":"","overlay-type":"","overlay-color":"","overlay-opacity":"","overlay-gradient":""},"mobile":{"background-color":"var(--ast-global-color-5)","background-image":"","background-repeat":"repeat","background-position":"center center","background-size":"auto","background-attachment":"scroll","background-type":"","background-media":"","overlay-type":"","overlay-color":"","overlay-opacity":"","overlay-gradient":""}},"footnotes":""},"class_list":["post-1711","page","type-page","status-publish","hentry"],"_links":{"self":[{"href":"https:\/\/adria-star.hr\/en\/wp-json\/wp\/v2\/pages\/1711","targetHints":{"allow":["GET"]}}],"collection":[{"href":"https:\/\/adria-star.hr\/en\/wp-json\/wp\/v2\/pages"}],"about":[{"href":"https:\/\/adria-star.hr\/en\/wp-json\/wp\/v2\/types\/page"}],"author":[{"embeddable":true,"href":"https:\/\/adria-star.hr\/en\/wp-json\/wp\/v2\/users\/1"}],"replies":[{"embeddable":true,"href":"https:\/\/adria-star.hr\/en\/wp-json\/wp\/v2\/comments?post=1711"}],"version-history":[{"count":217,"href":"https:\/\/adria-star.hr\/en\/wp-json\/wp\/v2\/pages\/1711\/revisions"}],"predecessor-version":[{"id":3060,"href":"https:\/\/adria-star.hr\/en\/wp-json\/wp\/v2\/pages\/1711\/revisions\/3060"}],"wp:attachment":[{"href":"https:\/\/adria-star.hr\/en\/wp-json\/wp\/v2\/media?parent=1711"}],"curies":[{"name":"wp","href":"https:\/\/api.w.org\/{rel}","templated":true}]}}